{"id":29,"date":"2025-02-26T01:40:32","date_gmt":"2025-02-26T01:40:32","guid":{"rendered":"https:\/\/israbrasil.com.br\/site\/?page_id=29"},"modified":"2025-05-19T02:17:25","modified_gmt":"2025-05-19T02:17:25","slug":"pistas","status":"publish","type":"page","link":"https:\/\/israbrasil.com.br\/site\/pistas\/","title":{"rendered":"Pistas"},"content":{"rendered":"\n<p class=\"\">Pistas que sediar\u00e3o o Campeonato ISRA Brasil 2025<\/p>\n\n\n\n<div style=\"height:var(--wp--preset--spacing--40)\" aria-hidden=\"true\" class=\"wp-block-spacer\"><\/div>\n\n\n\n<p class=\"has-text-align-left\"><a href=\"https:\/\/www.redfoxslot.com.br\/\" data-type=\"URL\" data-id=\"https:\/\/www.redfoxslot.com.br\/\" target=\"_blank\" rel=\"noreferrer noopener\"><strong>Red Fox<\/strong><br><\/a><a href=\"https:\/\/goo.gl\/maps\/CSyjrC1s8aymLLnT6\" data-type=\"URL\" data-id=\"https:\/\/goo.gl\/maps\/CSyjrC1s8aymLLnT6\" target=\"_blank\" rel=\"noreferrer noopener\">Rua dos Ip\u00eas, 23 &#8211; Parque Maring\u00e1<\/a><br>07432-575 Aruj\u00e1, SP<br>(19) 98144-2651<\/p>\n\n\n\n<figure class=\"wp-block-gallery aligncenter has-nested-images columns-default is-cropped wp-block-gallery-1 is-layout-flex wp-block-gallery-is-layout-flex\">\n<figure class=\"wp-block-image size-large\"><img decoding=\"async\" loading=\"lazy\" data-id=\"25568\" src=\"https:\/\/academiadoautorama.com.br\/wp-content\/uploads\/2025\/01\/WhatsApp-Image-2025-01-23-at-14.02.42-1024x551.jpeg\" alt=\"\" class=\"wp-image-25568\"\/><\/figure>\n<\/figure>\n\n\n\n<div style=\"height:var(--wp--preset--spacing--30)\" aria-hidden=\"true\" class=\"wp-block-spacer\"><\/div>\n\n\n\n<figure class=\"wp-block-gallery has-nested-images columns-default is-cropped wp-block-gallery-2 is-layout-flex wp-block-gallery-is-layout-flex\">\n<figure class=\"wp-block-image size-large\"><img decoding=\"async\" loading=\"lazy\" data-id=\"25570\" src=\"https:\/\/academiadoautorama.com.br\/wp-content\/uploads\/2025\/01\/WhatsApp-Image-2025-01-23-at-13.28.00-1.jpeg\" alt=\"\" class=\"wp-image-25570\"\/><\/figure>\n<\/figure>\n\n\n\n<div style=\"height:var(--wp--preset--spacing--60)\" aria-hidden=\"true\" class=\"wp-block-spacer\"><\/div>\n\n\n\n<p class=\"has-text-align-left\"><a href=\"https:\/\/www.speedplace.com.br\/\" data-type=\"URL\" data-id=\"https:\/\/www.speedplace.com.br\/\" target=\"_blank\" rel=\"noreferrer noopener\"><strong>Speed Place<\/strong><br><\/a><a href=\"https:\/\/goo.gl\/maps\/FzT8Wtwa8GTJ15N57\" data-type=\"URL\" data-id=\"https:\/\/goo.gl\/maps\/FzT8Wtwa8GTJ15N57\" target=\"_blank\" rel=\"noreferrer noopener\">R. Santa Cruz, 2083 B &#8211; Vila Mariana<\/a><br>04121-001 S\u00e3o Paulo SP<br>(11) 2613-8874<\/p>\n\n\n\n<figure class=\"wp-block-gallery has-nested-images columns-default is-cropped wp-block-gallery-3 is-layout-flex wp-block-gallery-is-layout-flex\">\n<figure class=\"wp-block-image size-large\"><img loading=\"lazy\" decoding=\"async\" width=\"1024\" height=\"691\" loading=\"lazy\" data-id=\"255\" src=\"https:\/\/israbrasil.com.br\/site\/wp-content\/uploads\/2025\/05\/image.png\" alt=\"\" class=\"wp-image-255\" srcset=\"https:\/\/israbrasil.com.br\/site\/wp-content\/uploads\/2025\/05\/image.png 1024w, https:\/\/israbrasil.com.br\/site\/wp-content\/uploads\/2025\/05\/image-300x202.png 300w, https:\/\/israbrasil.com.br\/site\/wp-content\/uploads\/2025\/05\/image-768x518.png 768w\" sizes=\"auto, (max-width: 1024px) 100vw, 1024px\" \/><\/figure>\n<\/figure>\n\n\n\n<div style=\"height:var(--wp--preset--spacing--60)\" aria-hidden=\"true\" class=\"wp-block-spacer\"><\/div>\n\n\n\n<p class=\"has-text-align-left\"><\/p>\n\n\n\n<p class=\"has-text-align-left\"><a href=\"https:\/\/www.facebook.com\/espacoformula\/?locale=pt_BR\" data-type=\"URL\" data-id=\"https:\/\/www.facebook.com\/espacoformula\/?locale=pt_BR\" target=\"_blank\" rel=\"noreferrer noopener\"><strong>Espa\u00e7o F\u00f3rmula<\/strong><br><\/a><a rel=\"noreferrer noopener\" href=\"https:\/\/goo.gl\/maps\/x9smqmDcKhhpe6L97\" target=\"_blank\">Estrada Rural Dona Ant\u00f4nia , 1.322 &#8211; Bairro Campestre<br>13401-630 Piracicaba, SP<\/a><br>(19) 3422-9190<\/p>\n\n\n\n<figure class=\"wp-block-gallery aligncenter has-nested-images columns-default is-cropped wp-block-gallery-4 is-layout-flex wp-block-gallery-is-layout-flex\">\n<figure class=\"wp-block-image size-large\"><img decoding=\"async\" loading=\"lazy\" data-id=\"21952\" src=\"https:\/\/academiadoautorama.com.br\/wp-content\/uploads\/2024\/06\/WhatsApp-Image-2024-06-12-at-22.17.29-1024x755.jpeg\" alt=\"\" class=\"wp-image-21952\"\/><\/figure>\n<\/figure>\n\n\n\n<div style=\"height:1px\" aria-hidden=\"true\" class=\"wp-block-spacer\"><\/div>\n\n\n\n<div style=\"height:var(--wp--preset--spacing--60)\" aria-hidden=\"true\" class=\"wp-block-spacer\"><\/div>\n\n\n\n<p class=\"has-text-align-left\"><\/p>\n\n\n\n<p class=\"has-text-align-left\"><strong>Zeus Raceway<\/strong><a href=\"https:\/\/m.facebook.com\/people\/Old-School-Slot-Racers-Club\/100054539585615\/\" data-type=\"URL\" data-id=\"https:\/\/m.facebook.com\/people\/Old-School-Slot-Racers-Club\/100054539585615\/\" target=\"_blank\" rel=\"noreferrer noopener\"><br><\/a>Fazenda Macuco<br>Itatinga &#8211; SP<br>(11) 98162-3236<\/p>\n\n\n\n<figure class=\"wp-block-gallery has-nested-images columns-default is-cropped wp-block-gallery-5 is-layout-flex wp-block-gallery-is-layout-flex\">\n<figure class=\"wp-block-image size-large\"><img decoding=\"async\" loading=\"lazy\" data-id=\"18390\" src=\"https:\/\/academiadoautorama.com.br\/wp-content\/uploads\/2023\/12\/image-14.png\" alt=\"\" class=\"wp-image-18390\"\/><\/figure>\n<\/figure>\n\n\n\n<p class=\"has-text-align-left\"><\/p>\n\n\n\n<div style=\"height:var(--wp--preset--spacing--60)\" aria-hidden=\"true\" class=\"wp-block-spacer\"><\/div>\n\n\n\n<p class=\"has-text-align-left\"><a rel=\"noreferrer noopener\" href=\"https:\/\/www.instagram.com\/gn.slot\/\" target=\"_blank\"><strong>GN Slot<\/strong><br><\/a><a rel=\"noreferrer noopener\" href=\"https:\/\/goo.gl\/maps\/QPieMxVT9Ez9eA6Y9\" target=\"_blank\">R. Imaculada Concei\u00e7\u00e3o 1825 &#8211; Prado Velho<br>80215-182 Curitiba, PR<\/a><br>(41) 99611-2222<\/p>\n\n\n\n<figure class=\"wp-block-gallery aligncenter has-nested-images columns-default is-cropped wp-block-gallery-6 is-layout-flex wp-block-gallery-is-layout-flex\">\n<figure class=\"wp-block-image size-full\"><a href=\"https:\/\/www.instagram.com\/gn.slot\/\" target=\"_blank\" rel=\"noreferrer noopener\"><img decoding=\"async\" loading=\"lazy\" data-id=\"10532\" src=\"https:\/\/academiadoautorama.com.br\/wp-content\/uploads\/2022\/11\/WhatsApp-Image-2022-11-09-at-08.32.25.jpeg\" alt=\"\" class=\"wp-image-10532\"\/><\/a><\/figure>\n<\/figure>\n\n\n\n<div style=\"height:var(--wp--preset--spacing--60)\" aria-hidden=\"true\" class=\"wp-block-spacer\"><\/div>\n\n\n\n<hr class=\"is-style-wide wp-block-separator has-alpha-channel-opacity\"\/>\n\n\n\n<div style=\"height:var(--wp--preset--spacing--80)\" aria-hidden=\"true\" class=\"wp-block-spacer\"><\/div>\n","protected":false},"excerpt":{"rendered":"<p>Pistas que sediar\u00e3o o Campeonato ISRA Brasil 2025 Red FoxRua dos Ip\u00eas, 23 &#8211; Parque Maring\u00e107432-575 Aruj\u00e1, SP(19) 98144-2651 Speed PlaceR. Santa Cruz, 2083 B &#8211; Vila Mariana04121-001 S\u00e3o Paulo &#8230;<\/p>\n","protected":false},"author":1,"featured_media":0,"parent":0,"menu_order":0,"comment_status":"closed","ping_status":"closed","template":"","meta":{"nf_dc_page":"","pagelayer_contact_templates":[],"_pagelayer_content":"","footnotes":""},"class_list":["post-29","page","type-page","status-publish","hentry"],"_links":{"self":[{"href":"https:\/\/israbrasil.com.br\/site\/wp-json\/wp\/v2\/pages\/29","targetHints":{"allow":["GET"]}}],"collection":[{"href":"https:\/\/israbrasil.com.br\/site\/wp-json\/wp\/v2\/pages"}],"about":[{"href":"https:\/\/israbrasil.com.br\/site\/wp-json\/wp\/v2\/types\/page"}],"author":[{"embeddable":true,"href":"https:\/\/israbrasil.com.br\/site\/wp-json\/wp\/v2\/users\/1"}],"replies":[{"embeddable":true,"href":"https:\/\/israbrasil.com.br\/site\/wp-json\/wp\/v2\/comments?post=29"}],"version-history":[{"count":5,"href":"https:\/\/israbrasil.com.br\/site\/wp-json\/wp\/v2\/pages\/29\/revisions"}],"predecessor-version":[{"id":256,"href":"https:\/\/israbrasil.com.br\/site\/wp-json\/wp\/v2\/pages\/29\/revisions\/256"}],"wp:attachment":[{"href":"https:\/\/israbrasil.com.br\/site\/wp-json\/wp\/v2\/media?parent=29"}],"curies":[{"name":"wp","href":"https:\/\/api.w.org\/{rel}","templated":true}]}}