{"id":84,"date":"2025-02-26T13:55:39","date_gmt":"2025-02-26T13:55:39","guid":{"rendered":"https:\/\/israbrasil.com.br\/site\/?page_id=84"},"modified":"2025-02-28T17:38:28","modified_gmt":"2025-02-28T17:38:28","slug":"worlds","status":"publish","type":"page","link":"https:\/\/israbrasil.com.br\/site\/worlds\/","title":{"rendered":"Worlds"},"content":{"rendered":"\n<h2 class=\"wp-block-heading\">ISRA Worlds<\/h2>\n\n\n\n<figure class=\"wp-block-image size-full\"><img decoding=\"async\" loading=\"lazy\" src=\"https:\/\/academiadoautorama.com.br\/wp-content\/uploads\/2023\/05\/isra-logo-white-75.png\" alt=\"\" class=\"wp-image-14369\"\/><\/figure>\n\n\n\n<p class=\"\"><\/p>\n\n\n\n<h3 class=\"wp-block-heading\"><strong>International Slot Racing Association<\/strong><\/h3>\n\n\n\n<ul class=\"wp-block-list\">\n<li class=\"\"><a href=\"https:\/\/isra-slot.com\/\" data-type=\"URL\" data-id=\"https:\/\/isra-slot.com\/\" target=\"_blank\" rel=\"noreferrer noopener\">Website<\/a><\/li>\n\n\n\n<li class=\"\"><a href=\"https:\/\/www.facebook.com\/israslot\/\" data-type=\"URL\" data-id=\"https:\/\/www.facebook.com\/israslot\/\" target=\"_blank\" rel=\"noreferrer noopener\">Facebook<\/a><\/li>\n\n\n\n<li class=\"\"><a href=\"https:\/\/isra-slot.com\/rankings\/\" data-type=\"URL\" data-id=\"https:\/\/isra-slot.com\/rankings\/\" target=\"_blank\" rel=\"noreferrer noopener\">Ranking<\/a><\/li>\n\n\n\n<li class=\"\"><a href=\"https:\/\/isra-slot.com\/documentation\/rulebook\/\" target=\"_blank\" rel=\"noreferrer noopener\">Rulebook<\/a><\/li>\n\n\n\n<li class=\"\"><a href=\"https:\/\/isra-slot.com\/2026-worlds\/\" target=\"_blank\" rel=\"noreferrer noopener\">ISRA Worlds 2026<\/a> &#8211; Finland &#8211; <a href=\"http:\/\/UCpnl6CXzti9N0ldratLT4gA\" target=\"_blank\" rel=\"noreferrer noopener\">YouTube<\/a><\/li>\n\n\n\n<li class=\"\"><a href=\"https:\/\/isra2025.com\/\" target=\"_blank\" rel=\"noreferrer noopener\">ISRA Worlds 2025<\/a> &#8211; V\u0161ejany, Czech Republic<\/li>\n\n\n\n<li class=\"\"><a href=\"https:\/\/isra-slot.com\/world-events\/2023-worlds\/isra-2024-italy\/\" target=\"_blank\" rel=\"noreferrer noopener\">ISRA Worlds 2024 <\/a>&#8211; Tuscany,  Italy<\/li>\n\n\n\n<li class=\"\"><a href=\"https:\/\/isra2024-italy.com\/\" target=\"_blank\" rel=\"noreferrer noopener\">2024 Event Website <\/a>&#8211; Italy<\/li>\n\n\n\n<li class=\"\"><a href=\"https:\/\/isra-slot.com\/2023-worlds\/\" data-type=\"URL\" data-id=\"https:\/\/isra-slot.com\/2023-worlds\/\" target=\"_blank\" rel=\"noreferrer noopener\">ISRA Worlds 2023 &#8211; Race Schedule<\/a> &#8211; Atlantic City, NJ<\/li>\n\n\n\n<li class=\"\"><a href=\"https:\/\/isra2023.com\/\" data-type=\"URL\" data-id=\"https:\/\/isra2023.com\/\" target=\"_blank\" rel=\"noreferrer noopener\">ISRA 2023<\/a> &#8211; Travel Information<\/li>\n<\/ul>\n\n\n\n<div style=\"height:15px\" aria-hidden=\"true\" class=\"wp-block-spacer\"><\/div>\n\n\n\n<hr class=\"wp-block-separator has-alpha-channel-opacity\"\/>\n\n\n\n<h3 class=\"wp-block-heading\">True your tires.<\/h3>\n\n\n\n<h3 class=\"wp-block-heading\">Balance your arms.<\/h3>\n\n\n\n<h3 class=\"wp-block-heading\"><a>V\u0161ejany<\/a> Championship is coming.<\/h3>\n\n\n\n<p class=\"\">The <a href=\"https:\/\/isra2025.com\/\" target=\"_blank\" rel=\"noreferrer noopener\">ISRSA 2025 World Championship<\/a> takes place from 13th till 25th October 2025 in <a href=\"https:\/\/pt.wikipedia.org\/wiki\/V%C5%A1ejany\" target=\"_blank\" rel=\"noreferrer noopener\">V\u0161ejany<\/a>, Czech Republic. Stay tuned for further updates.<\/p>\n\n\n\n<figure class=\"wp-block-gallery has-nested-images columns-default is-cropped wp-block-gallery-1 is-layout-flex wp-block-gallery-is-layout-flex\">\n<figure class=\"wp-block-image size-large\"><img decoding=\"async\" loading=\"lazy\" data-id=\"25487\" src=\"https:\/\/academiadoautorama.com.br\/wp-content\/uploads\/2025\/01\/isra-2025.jpg\" alt=\"\" class=\"wp-image-25487\"\/><\/figure>\n<\/figure>\n\n\n\n<div style=\"height:var(--wp--preset--spacing--60)\" aria-hidden=\"true\" class=\"wp-block-spacer\"><\/div>\n\n\n\n<hr class=\"wp-block-separator has-alpha-channel-opacity\"\/>\n\n\n\n<div style=\"height:var(--wp--preset--spacing--20)\" aria-hidden=\"true\" class=\"wp-block-spacer\"><\/div>\n\n\n\n<h3 class=\"wp-block-heading\">ISRA 2024 Tuscany &#8211; It\u00e1lia<\/h3>\n\n\n\n<h3 class=\"wp-block-heading\">Parab\u00e9ns ao amigo Alexandre Muniz, Vice Campe\u00e3o Mundial com Janis Nabokins na categoria Produ\u00e7\u00e3o em duplas.<\/h3>\n\n\n\n<figure class=\"wp-block-video\"><video controls src=\"https:\/\/academiadoautorama.com.br\/wp-content\/uploads\/2025\/01\/WhatsApp-Video-2025-01-13-at-19.03.06.mp4\"><\/video><\/figure>\n\n\n\n<div style=\"height:var(--wp--preset--spacing--20)\" aria-hidden=\"true\" class=\"wp-block-spacer\"><\/div>\n\n\n\n<figure class=\"wp-block-gallery has-nested-images columns-default is-cropped wp-block-gallery-2 is-layout-flex wp-block-gallery-is-layout-flex\">\n<figure class=\"wp-block-image size-large\"><img decoding=\"async\" loading=\"lazy\" data-id=\"25458\" src=\"https:\/\/academiadoautorama.com.br\/wp-content\/uploads\/2025\/01\/WhatsApp-Image-2025-01-12-at-12.30.09-1024x768.jpeg\" alt=\"\" class=\"wp-image-25458\"\/><\/figure>\n<\/figure>\n\n\n\n<div style=\"height:var(--wp--preset--spacing--20)\" aria-hidden=\"true\" class=\"wp-block-spacer\"><\/div>\n\n\n\n<figure class=\"wp-block-gallery aligncenter has-nested-images columns-default is-cropped wp-block-gallery-3 is-layout-flex wp-block-gallery-is-layout-flex\">\n<figure class=\"wp-block-image size-full\"><img decoding=\"async\" loading=\"lazy\" data-id=\"25475\" src=\"https:\/\/academiadoautorama.com.br\/wp-content\/uploads\/2025\/01\/image-13.png\" alt=\"\" class=\"wp-image-25475\"\/><\/figure>\n<\/figure>\n\n\n\n<div style=\"height:var(--wp--preset--spacing--60)\" aria-hidden=\"true\" class=\"wp-block-spacer\"><\/div>\n\n\n\n<hr class=\"wp-block-separator has-alpha-channel-opacity\"\/>\n\n\n\n<div style=\"height:var(--wp--preset--spacing--20)\" aria-hidden=\"true\" class=\"wp-block-spacer\"><\/div>\n\n\n\n<h3 class=\"wp-block-heading has-text-align-left\">ISRA 2019 Corby &#8211; Inglaterra<\/h3>\n\n\n\n<h3 class=\"wp-block-heading\">Dois brasileiros na Final, Breno Vidal (Vice Campe\u00e3o Mundial) e Guilherme Negrello, 8\u00ba colocado, parab\u00e9ns!<\/h3>\n\n\n\n<p class=\"has-text-align-center\"><\/p>\n\n\n\n<figure class=\"wp-embed-aspect-16-9 wp-has-aspect-ratio wp-block-embed is-type-video is-provider-youtube wp-block-embed-youtube\"><div class=\"wp-block-embed__wrapper\">\n<iframe title=\"ISRA 2019 - EUROSPORT 1\/24 - BRASIL \ud83c\udde7\ud83c\uddf7 \ud83c\udfc1 VICE CAMPE\u00c3O MUNDIAL - BRENO VIDAL #isra2019 #brenovidal\" width=\"800\" height=\"450\" src=\"https:\/\/www.youtube.com\/embed\/hgkif6Cb_0Y?feature=oembed\" frameborder=\"0\" allow=\"accelerometer; autoplay; clipboard-write; encrypted-media; gyroscope; picture-in-picture; web-share\" referrerpolicy=\"strict-origin-when-cross-origin\" allowfullscreen><\/iframe>\n<\/div><\/figure>\n\n\n\n<div style=\"height:var(--wp--preset--spacing--60)\" aria-hidden=\"true\" class=\"wp-block-spacer\"><\/div>\n\n\n\n<hr class=\"is-style-wide wp-block-separator has-alpha-channel-opacity\"\/>\n\n\n\n<div style=\"height:var(--wp--preset--spacing--80)\" aria-hidden=\"true\" class=\"wp-block-spacer\"><\/div>\n","protected":false},"excerpt":{"rendered":"<p>ISRA Worlds International Slot Racing Association True your tires. Balance your arms. V\u0161ejany Championship is coming. The ISRSA 2025 World Championship takes place from 13th till 25th October 2025 in &#8230;<\/p>\n","protected":false},"author":1,"featured_media":0,"parent":0,"menu_order":0,"comment_status":"closed","ping_status":"closed","template":"","meta":{"nf_dc_page":"","pagelayer_contact_templates":[],"_pagelayer_content":"","footnotes":""},"class_list":["post-84","page","type-page","status-publish","hentry"],"_links":{"self":[{"href":"https:\/\/israbrasil.com.br\/site\/wp-json\/wp\/v2\/pages\/84","targetHints":{"allow":["GET"]}}],"collection":[{"href":"https:\/\/israbrasil.com.br\/site\/wp-json\/wp\/v2\/pages"}],"about":[{"href":"https:\/\/israbrasil.com.br\/site\/wp-json\/wp\/v2\/types\/page"}],"author":[{"embeddable":true,"href":"https:\/\/israbrasil.com.br\/site\/wp-json\/wp\/v2\/users\/1"}],"replies":[{"embeddable":true,"href":"https:\/\/israbrasil.com.br\/site\/wp-json\/wp\/v2\/comments?post=84"}],"version-history":[{"count":4,"href":"https:\/\/israbrasil.com.br\/site\/wp-json\/wp\/v2\/pages\/84\/revisions"}],"predecessor-version":[{"id":151,"href":"https:\/\/israbrasil.com.br\/site\/wp-json\/wp\/v2\/pages\/84\/revisions\/151"}],"wp:attachment":[{"href":"https:\/\/israbrasil.com.br\/site\/wp-json\/wp\/v2\/media?parent=84"}],"curies":[{"name":"wp","href":"https:\/\/api.w.org\/{rel}","templated":true}]}}